{"id":113,"date":"2023-12-19T12:22:03","date_gmt":"2023-12-19T11:22:03","guid":{"rendered":"https:\/\/bodentag.golivenow.net\/?page_id=113"},"modified":"2023-12-19T12:28:24","modified_gmt":"2023-12-19T11:28:24","slug":"impressum","status":"publish","type":"page","link":"https:\/\/bodentag.golivenow.net\/?page_id=113","title":{"rendered":"Impressum"},"content":{"rendered":"\t\t<div data-elementor-type=\"wp-page\" data-elementor-id=\"113\" class=\"elementor elementor-113\" data-elementor-post-type=\"page\">\n\t\t\t\t<header class=\"elementor-element elementor-element-08efc67 e-con-full e-flex e-con e-parent\" data-id=\"08efc67\" data-element_type=\"container\">\n\t\t<div class=\"elementor-element elementor-element-5bb1fbb e-con-full e-flex e-con e-child\" data-id=\"5bb1fbb\" data-element_type=\"container\">\n\t\t\t\t<div class=\"elementor-element elementor-element-a2f349e elementor-widget elementor-widget-image\" data-id=\"a2f349e\" data-element_type=\"widget\" data-widget_type=\"image.default\">\n\t\t\t\t<div class=\"elementor-widget-container\">\n\t\t\t\t\t\t\t\t\t\t\t\t\t\t\t\t<a href=\"https:\/\/bodentag.golivenow.net\/\">\n\t\t\t\t\t\t\t<img fetchpriority=\"high\" decoding=\"async\" width=\"1181\" height=\"242\" src=\"https:\/\/bodentag.golivenow.net\/wp-content\/uploads\/2023\/12\/Logo_-2.png\" class=\"attachment-full size-full wp-image-23\" alt=\"\" srcset=\"https:\/\/bodentag.golivenow.net\/wp-content\/uploads\/2023\/12\/Logo_-2.png 1181w, https:\/\/bodentag.golivenow.net\/wp-content\/uploads\/2023\/12\/Logo_-2-300x61.png 300w, https:\/\/bodentag.golivenow.net\/wp-content\/uploads\/2023\/12\/Logo_-2-1024x210.png 1024w, https:\/\/bodentag.golivenow.net\/wp-content\/uploads\/2023\/12\/Logo_-2-768x157.png 768w\" sizes=\"(max-width: 1181px) 100vw, 1181px\" \/>\t\t\t\t\t\t\t\t<\/a>\n\t\t\t\t\t\t\t\t\t\t\t\t\t\t\t<\/div>\n\t\t\t\t<\/div>\n\t\t\t\t<\/div>\n\t\t\t\t<\/header>\n\t\t<div class=\"elementor-element elementor-element-7ea8608 e-flex e-con-boxed e-con e-parent\" data-id=\"7ea8608\" data-element_type=\"container\">\n\t\t\t\t\t<div class=\"e-con-inner\">\n\t\t\t\t<div class=\"elementor-element elementor-element-f420d3a elementor-widget elementor-widget-text-editor\" data-id=\"f420d3a\" data-element_type=\"widget\" data-widget_type=\"text-editor.default\">\n\t\t\t\t<div class=\"elementor-widget-container\">\n\t\t\t\t\t\t\t\t\t<h1><strong>Impressum<\/strong><\/h1><h1>Angaben gem\u00e4\u00df \u00a7 5 TMG<\/h1><p>Oldenburgisch-Ostfriesischer Wasserverband<br \/>Georgstra\u00dfe 4<br \/>26919 Brake<\/p><h1>Vertreten durch:<\/h1><p>Verbandsvorsteher: Sven Ambrosy<br \/>Stellvertretender Verbandsvorsteher: Franz H\u00f6lscher<br \/>Gesch\u00e4ftsf\u00fchrer: Karsten Specht<\/p><h1>Kontakt:<\/h1><p>Telefon: +49 4401 916-0<br \/>Telefax: +49 4401 5398<br \/>E-Mail: oowv.brake@oowv.de<\/p><h1>Umsatzsteuer:<\/h1><p>Umsatzsteuer-Identifikationsnummer gem\u00e4\u00df \u00a727 a Umsatzsteuergesetz:<br \/>DE117404343<\/p><h1>Aufsichtsbeh\u00f6rde:<\/h1><p>Nieders\u00e4chsisches Umweltministerium<br \/>Archivstra\u00dfe 2<br \/>30169 Hannover<br \/><a href=\"https:\/\/www.umwelt.niedersachsen.de\/\" target=\"_blank\" rel=\"noopener\">www.umwelt.niedersachsen.de<\/a><\/p><h1>Streitschlichtung<\/h1><p>Die Europ\u00e4ische Kommission stellt eine Plattform zur Online-Streitbeilegung (OS) bereit:\u00a0<a href=\"https:\/\/ec.europa.eu\/consumers\/odr\" target=\"_blank\" rel=\"noopener\">ec.europa.eu\/consumers\/odr<\/a>.<br \/>Unsere E-Mail-Adresse finden Sie oben im Impressum.<br \/>Wir sind nicht bereit oder verpflichtet, an Streitbeilegungsverfahren vor einer Verbraucherschlichtungsstelle teilzunehmen.<\/p><p><b>Haftung f\u00fcr Inhalte<\/b><br \/>Als Diensteanbieter sind wir gem\u00e4\u00df \u00a7 7 Abs.1 TMG f\u00fcr eigene Inhalte auf diesen Seiten nach den allgemeinen Gesetzen verantwortlich. Nach \u00a7\u00a7 8 bis 10 TMG sind wir als Diensteanbieter jedoch nicht verpflichtet, \u00fcbermittelte oder gespeicherte fremde Informationen zu \u00fcberwachen oder nach Umst\u00e4nden zu forschen, die auf eine rechtswidrige T\u00e4tigkeit hinweisen.<br \/>Verpflichtungen zur Entfernung oder Sperrung der Nutzung von Informationen nach den allgemeinen Gesetzen bleiben hiervon unber\u00fchrt. Eine diesbez\u00fcgliche Haftung ist jedoch erst ab dem Zeitpunkt der Kenntnis einer konkreten Rechtsverletzung m\u00f6glich. Bei Bekanntwerden von entsprechenden Rechtsverletzungen werden wir diese Inhalte umgehend entfernen.<\/p><p><b>Haftung f\u00fcr Links<\/b><br \/>Unser Angebot enth\u00e4lt Links zu externen Websites Dritter, auf deren Inhalte wir keinen Einfluss haben. Deshalb k\u00f6nnen wir f\u00fcr diese fremden Inhalte auch keine Gew\u00e4hr \u00fcbernehmen. F\u00fcr die Inhalte der verlinkten Seiten ist stets der jeweilige Anbieter oder Betreiber der Seiten verantwortlich. Die verlinkten Seiten wurden zum Zeitpunkt der Verlinkung auf m\u00f6gliche Rechtsverst\u00f6\u00dfe \u00fcberpr\u00fcft. Rechtswidrige Inhalte waren zum Zeitpunkt der Verlinkung nicht erkennbar.<br \/>Eine permanente inhaltliche Kontrolle der verlinkten Seiten ist jedoch ohne konkrete Anhaltspunkte einer Rechtsverletzung nicht zumutbar. Bei Bekanntwerden von Rechtsverletzungen werden wir derartige Links umgehend entfernen.<\/p><p><b>Urheberrecht<\/b><br \/>Die durch die Seitenbetreiber erstellten Inhalte und Werke auf diesen Seiten unterliegen dem deutschen Urheberrecht. Die Vervielf\u00e4ltigung, Bearbeitung, Verbreitung und jede Art der Verwertung au\u00dferhalb der Grenzen des Urheberrechtes bed\u00fcrfen der schriftlichen Zustimmung des jeweiligen Autors bzw. Erstellers. Downloads und Kopien dieser Seite sind nur f\u00fcr den privaten, nicht kommerziellen Gebrauch gestattet.<br \/>Soweit die Inhalte auf dieser Seite nicht vom Betreiber erstellt wurden, werden die Urheberrechte Dritter beachtet. Insbesondere werden Inhalte Dritter als solche gekennzeichnet. Sollten Sie trotzdem auf eine Urheberrechtsverletzung aufmerksam werden, bitten wir um einen entsprechenden Hinweis. Bei Bekanntwerden von Rechtsverletzungen werden wir derartige Inhalte umgehend entfernen.<\/p>\t\t\t\t\t\t\t\t<\/div>\n\t\t\t\t<\/div>\n\t\t\t\t\t<\/div>\n\t\t\t\t<\/div>\n\t\t<footer class=\"elementor-element elementor-element-7a4b391 e-con-full e-flex e-con e-parent\" data-id=\"7a4b391\" data-element_type=\"container\">\n\t\t<div class=\"elementor-element elementor-element-e3e928c e-con-full e-flex e-con e-child\" data-id=\"e3e928c\" data-element_type=\"container\">\n\t\t\t\t<div class=\"elementor-element elementor-element-5e30558 elementor-widget elementor-widget-image\" data-id=\"5e30558\" data-element_type=\"widget\" data-widget_type=\"image.default\">\n\t\t\t\t<div class=\"elementor-widget-container\">\n\t\t\t\t\t\t\t\t\t\t\t\t\t\t\t\t<a href=\"https:\/\/bodentag.golivenow.net\/\">\n\t\t\t\t\t\t\t<img decoding=\"async\" width=\"1181\" height=\"242\" src=\"https:\/\/bodentag.golivenow.net\/wp-content\/uploads\/2023\/12\/Logo_-2-1.png\" class=\"attachment-full size-full wp-image-28\" alt=\"\" srcset=\"https:\/\/bodentag.golivenow.net\/wp-content\/uploads\/2023\/12\/Logo_-2-1.png 1181w, https:\/\/bodentag.golivenow.net\/wp-content\/uploads\/2023\/12\/Logo_-2-1-300x61.png 300w, https:\/\/bodentag.golivenow.net\/wp-content\/uploads\/2023\/12\/Logo_-2-1-1024x210.png 1024w, https:\/\/bodentag.golivenow.net\/wp-content\/uploads\/2023\/12\/Logo_-2-1-768x157.png 768w\" sizes=\"(max-width: 1181px) 100vw, 1181px\" \/>\t\t\t\t\t\t\t\t<\/a>\n\t\t\t\t\t\t\t\t\t\t\t\t\t\t\t<\/div>\n\t\t\t\t<\/div>\n\t\t\t\t<\/div>\n\t\t<div class=\"elementor-element elementor-element-ae8b962 e-con-full e-flex e-con e-child\" data-id=\"ae8b962\" data-element_type=\"container\">\n\t\t\t\t<div class=\"elementor-element elementor-element-172283c elementor-widget elementor-widget-button\" data-id=\"172283c\" data-element_type=\"widget\" data-widget_type=\"button.default\">\n\t\t\t\t<div class=\"elementor-widget-container\">\n\t\t\t\t\t\t\t\t\t<div class=\"elementor-button-wrapper\">\n\t\t\t\t\t<a class=\"elementor-button elementor-button-link elementor-size-sm elementor-animation-grow\" href=\"https:\/\/bodentag.golivenow.net\/?page_id=113\">\n\t\t\t\t\t\t<span class=\"elementor-button-content-wrapper\">\n\t\t\t\t\t\t\t\t\t<span class=\"elementor-button-text\">Impressum<\/span>\n\t\t\t\t\t<\/span>\n\t\t\t\t\t<\/a>\n\t\t\t\t<\/div>\n\t\t\t\t\t\t\t\t<\/div>\n\t\t\t\t<\/div>\n\t\t\t\t<div class=\"elementor-element elementor-element-c0db5af elementor-widget elementor-widget-button\" data-id=\"c0db5af\" data-element_type=\"widget\" data-widget_type=\"button.default\">\n\t\t\t\t<div class=\"elementor-widget-container\">\n\t\t\t\t\t\t\t\t\t<div class=\"elementor-button-wrapper\">\n\t\t\t\t\t<a class=\"elementor-button elementor-button-link elementor-size-sm elementor-animation-grow\" href=\"https:\/\/bodentag.golivenow.net\/?page_id=3\">\n\t\t\t\t\t\t<span class=\"elementor-button-content-wrapper\">\n\t\t\t\t\t\t\t\t\t<span class=\"elementor-button-text\">Datenschutz<\/span>\n\t\t\t\t\t<\/span>\n\t\t\t\t\t<\/a>\n\t\t\t\t<\/div>\n\t\t\t\t\t\t\t\t<\/div>\n\t\t\t\t<\/div>\n\t\t\t\t<\/div>\n\t\t\t\t<\/footer>\n\t\t<div class=\"elementor-element elementor-element-bd12e96 e-con-full e-flex e-con e-parent\" data-id=\"bd12e96\" data-element_type=\"container\" data-settings=\"{&quot;background_background&quot;:&quot;classic&quot;}\">\n\t\t\t\t<\/div>\n\t\t\t\t<\/div>\n\t\t","protected":false},"excerpt":{"rendered":"<p>Impressum Angaben gem\u00e4\u00df \u00a7 5 TMG Oldenburgisch-Ostfriesischer WasserverbandGeorgstra\u00dfe 426919 Brake Vertreten durch: Verbandsvorsteher: Sven AmbrosyStellvertretender Verbandsvorsteher: Franz H\u00f6lscherGesch\u00e4ftsf\u00fchrer: Karsten Specht Kontakt: Telefon: +49 4401 916-0Telefax: +49 4401 5398E-Mail: oowv.brake@oowv.de Umsatzsteuer: Umsatzsteuer-Identifikationsnummer gem\u00e4\u00df \u00a727 a Umsatzsteuergesetz:DE117404343 Aufsichtsbeh\u00f6rde: Nieders\u00e4chsisches UmweltministeriumArchivstra\u00dfe 230169 Hannoverwww.umwelt.niedersachsen.de Streitschlichtung Die Europ\u00e4ische Kommission stellt eine Plattform zur Online-Streitbeilegung (OS) bereit:\u00a0ec.europa.eu\/consumers\/odr.Unsere E-Mail-Adresse finden Sie oben [&hellip;]<\/p>\n","protected":false},"author":1,"featured_media":0,"parent":0,"menu_order":0,"comment_status":"closed","ping_status":"closed","template":"elementor_canvas","meta":{"footnotes":""},"class_list":["post-113","page","type-page","status-publish","hentry"],"_links":{"self":[{"href":"https:\/\/bodentag.golivenow.net\/index.php?rest_route=\/wp\/v2\/pages\/113","targetHints":{"allow":["GET"]}}],"collection":[{"href":"https:\/\/bodentag.golivenow.net\/index.php?rest_route=\/wp\/v2\/pages"}],"about":[{"href":"https:\/\/bodentag.golivenow.net\/index.php?rest_route=\/wp\/v2\/types\/page"}],"author":[{"embeddable":true,"href":"https:\/\/bodentag.golivenow.net\/index.php?rest_route=\/wp\/v2\/users\/1"}],"replies":[{"embeddable":true,"href":"https:\/\/bodentag.golivenow.net\/index.php?rest_route=%2Fwp%2Fv2%2Fcomments&post=113"}],"version-history":[{"count":7,"href":"https:\/\/bodentag.golivenow.net\/index.php?rest_route=\/wp\/v2\/pages\/113\/revisions"}],"predecessor-version":[{"id":129,"href":"https:\/\/bodentag.golivenow.net\/index.php?rest_route=\/wp\/v2\/pages\/113\/revisions\/129"}],"wp:attachment":[{"href":"https:\/\/bodentag.golivenow.net\/index.php?rest_route=%2Fwp%2Fv2%2Fmedia&parent=113"}],"curies":[{"name":"wp","href":"https:\/\/api.w.org\/{rel}","templated":true}]}}